{"id":1486,"date":"2024-10-29T11:24:17","date_gmt":"2024-10-29T11:24:17","guid":{"rendered":"https:\/\/www.tuco.net\/blog\/?page_id=1486"},"modified":"2025-03-19T16:22:39","modified_gmt":"2025-03-19T16:22:39","slug":"home","status":"publish","type":"page","link":"https:\/\/www.tuco.net\/blog\/home\/","title":{"rendered":"HOME"},"content":{"rendered":"\r\n<p><a href=\"https:\/\/www.tuco.net\/blog\/?srsltid=AfmBOorBJ8Hacq43Dj-Tx8GGcJ13VE2vHI5zvFqKyAuwyk1cdcDDiMDr\" target=\"_self\"> <img loading=\"lazy\" decoding=\"async\" title=\"Mesa de trabajo 1\" src=\"https:\/\/www.tuco.net\/blog\/wp-content\/uploads\/2025\/01\/Mesa-de-trabajo-1.png\" alt=\"Mesa de trabajo 1\" width=\"567\" height=\"567\" \/> <\/a><\/p>\r\n<h3>BLOG<\/h3>\r\n<h1>El blog de Tuco<\/h1>\r\n<h2>Trucos para el hogar, consejos&#8230; \u00a1Y mucho m\u00e1s!<\/h2>\r\n<p><img loading=\"lazy\" decoding=\"async\" title=\"Foto-Portada-Entrada-Blog-1\" src=\"https:\/\/www.tuco.net\/blog\/wp-content\/uploads\/2025\/01\/Foto-Portada-Entrada-Blog-1.jpg\" alt=\"Foto-Portada-Entrada-Blog-1\" width=\"800\" height=\"800\" \/><\/p>\r\n<p>Mezclas muebles con deco. Decorar estancias.<\/p>\r\n<p><a href=\"https:\/\/www.tuco.net\/blog\/categorias\/inspiracion\/\" target=\"_self\"> INSPIRACI\u00d3N <\/a> <img loading=\"lazy\" decoding=\"async\" title=\"Foto-Portada-Entrada-Blog-3\" src=\"https:\/\/www.tuco.net\/blog\/wp-content\/uploads\/2025\/01\/Foto-Portada-Entrada-Blog-3.jpg\" alt=\"Foto-Portada-Entrada-Blog-3\" width=\"800\" height=\"800\" \/><\/p>\r\n<p>Nuevo piso, nueva vida, reorganizaci\u00f3n de una nueva estancia.<\/p>\r\n<p><a href=\"https:\/\/www.tuco.net\/blog\/categorias\/rompe-con-el-aburrimiento\/\" target=\"_self\"> ROMPE CON EL ABURRIMIENTO <\/a> <img loading=\"lazy\" decoding=\"async\" title=\"Foto-Portada-Entrada-Blog-4\" src=\"https:\/\/www.tuco.net\/blog\/wp-content\/uploads\/2025\/01\/Foto-Portada-Entrada-Blog-4.jpg\" alt=\"Foto-Portada-Entrada-Blog-4\" width=\"800\" height=\"800\" \/><\/p>\r\n<p>Tips, trucos, muebles pr\u00e1cticos, f\u00e1cil montaje.<\/p>\r\n<p><a href=\"https:\/\/www.tuco.net\/blog\/categorias\/easy-life\/\" target=\"_self\"> EASY LIFE <\/a> <img loading=\"lazy\" decoding=\"async\" title=\"salon\" src=\"https:\/\/www.tuco.net\/blog\/wp-content\/uploads\/2024\/10\/salon-930x620.webp\" alt=\"salon\" width=\"930\" height=\"620\" \/><\/p>\r\n<h5><a href=\"https:\/\/www.tuco.net\/blog\/como-decorar-tu-hogar-con-un-presupuesto-ajustado-sin-perder-estilo\/\"><strong>C\u00f3mo decorar tu hogar con un presupuesto ajustado sin perder el estilo<\/strong><\/a><\/h5>\r\n<p>Decorar tu hogar puede ser un proyecto emocionante, pero sabemos que puede ser un reto cuando el presupuesto es limitado. En TUCO, creemos que no\u2026<\/p>\r\n<p><img loading=\"lazy\" decoding=\"async\" title=\"Easy 3\" src=\"https:\/\/www.tuco.net\/blog\/wp-content\/uploads\/2024\/10\/Easy-3-930x620.webp\" alt=\"Easy 3\" width=\"930\" height=\"620\" \/><\/p>\r\n<h5><a href=\"https:\/\/www.tuco.net\/blog\/easyklix-innovacion-y-calidad-para-tu-dia-a-dia\/\"><strong>Easyklix: Innovaci\u00f3n y calidad para tu d\u00eda a d\u00eda<\/strong><\/a><\/h5>\r\n<p>En un mundo cada vez m\u00e1s r\u00e1pido y din\u00e1mico, contar con productos y soluciones que hagan nuestra vida m\u00e1s sencilla es fundamental. Los art\u00edculos Easyklix\u2026<\/p>\r\n<p><img loading=\"lazy\" decoding=\"async\" title=\"CONAN\" src=\"https:\/\/www.tuco.net\/blog\/wp-content\/uploads\/2024\/10\/CONAN-930x620.webp\" alt=\"CONAN\" width=\"930\" height=\"620\" \/><\/p>\r\n<h5><a href=\"https:\/\/www.tuco.net\/blog\/crea-tu-santuario-gamer-guia-definitiva-para-un-setup-de-ensueno\/\"><strong>Crea tu santuario gamer: gu\u00eda definitiva para un setup de ensue\u00f1o<\/strong><\/a><\/h5>\r\n<p>\u00bfTe imaginas tener un espacio dedicado exclusivamente a tus partidas, donde cada elemento est\u00e9 optimizado para mejorar tu experiencia de juego? \u00a1Es hora de dejar\u2026<\/p>\r\n<p><img loading=\"lazy\" decoding=\"async\" title=\"Estanteria Garden\" src=\"https:\/\/www.tuco.net\/blog\/wp-content\/uploads\/2024\/09\/Estanteria-Garden-930x620.webp\" alt=\"Estanter\u00eda n\u00f3rdica\" width=\"930\" height=\"620\" \/><\/p>\r\n<h5><a href=\"https:\/\/www.tuco.net\/blog\/estanterias-nordicas-un-toque-de-minimalismo-y-funcionalidad-a-tu-hogar\/\"><strong>Estanter\u00edas n\u00f3rdicas: Un toque de minimalismo y funcionalidad a tu hogar<\/strong><\/a><\/h5>\r\n<p>Las estanter\u00edas n\u00f3rdicas se han convertido en un elemento decorativo de gran popularidad en los \u00faltimos a\u00f1os, conquistando hogares de todo el mundo con su\u2026<\/p>\r\n<p><img loading=\"lazy\" decoding=\"async\" title=\"mesita nido delia\" src=\"https:\/\/www.tuco.net\/blog\/wp-content\/uploads\/2024\/09\/mesas-de-centro-delia-e1727076695332-800x620.webp\" alt=\"Mesitas nido\" width=\"800\" height=\"620\" \/><\/p>\r\n<h5><a href=\"https:\/\/www.tuco.net\/blog\/las-mesas-de-salon-el-corazon-del-hogar\/\"><strong>Las mesas de sal\u00f3n: El coraz\u00f3n del hogar<\/strong><\/a><\/h5>\r\n<p>Las mesas de sal\u00f3n son uno de los elementos clave en la decoraci\u00f3n de cualquier hogar. M\u00e1s all\u00e1 de ser un simple mueble funcional, una\u2026<\/p>\r\n<p><img loading=\"lazy\" decoding=\"async\" title=\"Cabecero Capitone\" src=\"https:\/\/www.tuco.net\/blog\/wp-content\/uploads\/2024\/09\/Cabecero-Capitone-930x620.webp\" alt=\"Cabecero tapizado\" width=\"930\" height=\"620\" \/><\/p>\r\n<h5><a href=\"https:\/\/www.tuco.net\/blog\/las-mesas-de-salon-el-corazon-del-hogar\/\"><strong>Cabeceros: M\u00e1s que un simple elemento decorativo<\/strong><\/a><\/h5>\r\n<p>Independizarse es un momento emocionante y crucial en la vida de cualquier joven. Amueblar tu primera casa no solo implica decisiones pr\u00e1cticas, sino tambi\u00e9n la\u2026<\/p>\r\n<h2>Nuestras interioristas dicen<\/h2>\r\n<p>\u00abMi mantra a la hora de decorar es: M\u00e1s es m\u00e1s\u00bb<\/p>\r\n<p><img loading=\"lazy\" decoding=\"async\" title=\"leo\" src=\"https:\/\/www.tuco.net\/blog\/wp-content\/uploads\/2022\/02\/leo.jpg\" alt=\"leo\" width=\"1000\" height=\"1000\" \/><\/p>\r\n<blockquote>\r\n<p><strong>Cristina Canales<\/strong><\/p>\r\n<\/blockquote>\r\n<p>\u00abSi puedo tener lo mejor&#8230; \u00bfPor que me tengo que conformar con menos?\u00bb<\/p>\r\n<p><img loading=\"lazy\" decoding=\"async\" title=\"aurea\" src=\"https:\/\/www.tuco.net\/blog\/wp-content\/uploads\/2022\/02\/aurea.jpg\" alt=\"aurea\" width=\"450\" height=\"450\" \/><\/p>\r\n<blockquote><strong>Ver\u00f3nica Garc\u00eda<br \/><\/strong><\/blockquote>\r\n<p>\u00abHaztelo f\u00e1cil&#8230; pero con estilo\u00bb<\/p>\r\n<p><img loading=\"lazy\" decoding=\"async\" title=\"hojas\" src=\"https:\/\/www.tuco.net\/blog\/wp-content\/uploads\/2022\/02\/hojas.jpg\" alt=\"hojas\" width=\"1000\" height=\"1000\" \/><\/p>\r\n<blockquote>\r\n<p><strong>Rosario Alamillo<\/strong><\/p>\r\n<\/blockquote>\r\n<p><img loading=\"lazy\" decoding=\"async\" title=\"Mesa de trabajo 1\" src=\"https:\/\/www.tuco.net\/blog\/wp-content\/uploads\/2025\/01\/Mesa-de-trabajo-1.png\" alt=\"Mesa de trabajo 1\" width=\"567\" height=\"567\" \/><\/p>\r\n<h2>Why not?<\/h2>\r\n<p>Rompe con la monoton\u00eda, y proponte el cambio<\/p>\r\n<p>&nbsp;<\/p>\r\n<p><a href=\"https:\/\/www.tuco.net\/\" target=\"_self\"> Tienda Online <\/a><\/p>\r\n","protected":false},"excerpt":{"rendered":"<p>BLOG El blog de Tuco Trucos para el hogar, consejos&#8230; \u00a1Y mucho m\u00e1s! Mezclas muebles con deco. Decorar estancias. INSPIRACI\u00d3N Nuevo piso, nueva vida, reorganizaci\u00f3n de una nueva estancia. ROMPE CON EL ABURRIMIENTO Tips, trucos, muebles pr\u00e1cticos, f\u00e1cil montaje. EASY LIFE C\u00f3mo decorar tu hogar con un presupuesto ajustado sin perder el estilo Decorar tu&hellip;&nbsp;<a href=\"https:\/\/www.tuco.net\/blog\/home\/\" rel=\"bookmark\">Leer m\u00e1s &raquo;<span class=\"screen-reader-text\">HOME<\/span><\/a><\/p>\n","protected":false},"author":6,"featured_media":0,"parent":0,"menu_order":0,"comment_status":"closed","ping_status":"closed","template":"page-templates\/template-pagebuilder-full-width.php","meta":{"neve_meta_sidebar":"","neve_meta_container":"","neve_meta_enable_content_width":"on","neve_meta_content_width":100,"neve_meta_title_alignment":"","neve_meta_author_avatar":"","neve_post_elements_order":"","neve_meta_disable_header":"on","neve_meta_disable_footer":"","neve_meta_disable_title":"on","footnotes":""},"class_list":["post-1486","page","type-page","status-publish","hentry"],"yoast_head":"<!-- This site is optimized with the Yoast SEO plugin v22.2 - https:\/\/yoast.com\/wordpress\/plugins\/seo\/ -->\n<title>Blog de Tuco | Tendencias y Consejos de Muebles<\/title>\n<meta name=\"description\" content=\"Explora tendencias y consejos en nuestro blog de muebles. Inspiraci\u00f3n y conocimientos para crear el hogar perfecto. \u00a1Sum\u00e9rgete en el Blog de Tuco!\" \/>\n<meta name=\"robots\" content=\"index, follow, max-snippet:-1, max-image-preview:large, max-video-preview:-1\" \/>\n<link rel=\"canonical\" href=\"https:\/\/www.tuco.net\/blog\/home\/\" \/>\n<meta property=\"og:locale\" content=\"es_ES\" \/>\n<meta property=\"og:type\" content=\"article\" \/>\n<meta property=\"og:title\" content=\"El Blog de Tuco\" \/>\n<meta property=\"og:description\" content=\"Explora tendencias y consejos en nuestro blog de muebles. Inspiraci\u00f3n y conocimientos para crear el hogar perfecto. \u00a1Sum\u00e9rgete en el Blog de Tuco!&quot;\" \/>\n<meta property=\"og:url\" content=\"https:\/\/www.tuco.net\/blog\/home\/\" \/>\n<meta property=\"og:site_name\" content=\"BLOG\" \/>\n<meta property=\"article:publisher\" content=\"https:\/\/www.facebook.com\/MueblesTuco\/\" \/>\n<meta property=\"article:modified_time\" content=\"2025-03-19T16:22:39+00:00\" \/>\n<meta property=\"og:image\" content=\"https:\/\/www.tuco.net\/blog\/wp-content\/uploads\/2022\/02\/cropped-logo-tuco-circular-1.png\" \/>\n\t<meta property=\"og:image:width\" content=\"512\" \/>\n\t<meta property=\"og:image:height\" content=\"512\" \/>\n\t<meta property=\"og:image:type\" content=\"image\/png\" \/>\n<meta name=\"twitter:card\" content=\"summary_large_image\" \/>\n<meta name=\"twitter:label1\" content=\"Tiempo de lectura\" \/>\n\t<meta name=\"twitter:data1\" content=\"5 minutos\" \/>\n<script type=\"application\/ld+json\" class=\"yoast-schema-graph\">{\"@context\":\"https:\/\/schema.org\",\"@graph\":[{\"@type\":\"WebPage\",\"@id\":\"https:\/\/www.tuco.net\/blog\/home\/\",\"url\":\"https:\/\/www.tuco.net\/blog\/home\/\",\"name\":\"Blog de Tuco | Tendencias y Consejos de Muebles\",\"isPartOf\":{\"@id\":\"https:\/\/www.tuco.net\/blog\/#website\"},\"primaryImageOfPage\":{\"@id\":\"https:\/\/www.tuco.net\/blog\/home\/#primaryimage\"},\"image\":{\"@id\":\"https:\/\/www.tuco.net\/blog\/home\/#primaryimage\"},\"thumbnailUrl\":\"https:\/\/www.tuco.net\/blog\/wp-content\/uploads\/2025\/01\/Mesa-de-trabajo-1.png\",\"datePublished\":\"2024-10-29T11:24:17+00:00\",\"dateModified\":\"2025-03-19T16:22:39+00:00\",\"description\":\"Explora tendencias y consejos en nuestro blog de muebles. Inspiraci\u00f3n y conocimientos para crear el hogar perfecto. \u00a1Sum\u00e9rgete en el Blog de Tuco!\",\"breadcrumb\":{\"@id\":\"https:\/\/www.tuco.net\/blog\/home\/#breadcrumb\"},\"inLanguage\":\"es\",\"potentialAction\":[{\"@type\":\"ReadAction\",\"target\":[\"https:\/\/www.tuco.net\/blog\/home\/\"]}]},{\"@type\":\"ImageObject\",\"inLanguage\":\"es\",\"@id\":\"https:\/\/www.tuco.net\/blog\/home\/#primaryimage\",\"url\":\"https:\/\/www.tuco.net\/blog\/wp-content\/uploads\/2025\/01\/Mesa-de-trabajo-1.png\",\"contentUrl\":\"https:\/\/www.tuco.net\/blog\/wp-content\/uploads\/2025\/01\/Mesa-de-trabajo-1.png\",\"width\":567,\"height\":567},{\"@type\":\"BreadcrumbList\",\"@id\":\"https:\/\/www.tuco.net\/blog\/home\/#breadcrumb\",\"itemListElement\":[{\"@type\":\"ListItem\",\"position\":1,\"name\":\"Portada\",\"item\":\"https:\/\/www.tuco.net\/blog\/\"},{\"@type\":\"ListItem\",\"position\":2,\"name\":\"HOME\"}]},{\"@type\":\"WebSite\",\"@id\":\"https:\/\/www.tuco.net\/blog\/#website\",\"url\":\"https:\/\/www.tuco.net\/blog\/\",\"name\":\"BLOG\",\"description\":\"Blog de tuco.net\",\"publisher\":{\"@id\":\"https:\/\/www.tuco.net\/blog\/#organization\"},\"potentialAction\":[{\"@type\":\"SearchAction\",\"target\":{\"@type\":\"EntryPoint\",\"urlTemplate\":\"https:\/\/www.tuco.net\/blog\/?s={search_term_string}\"},\"query-input\":\"required name=search_term_string\"}],\"inLanguage\":\"es\"},{\"@type\":\"Organization\",\"@id\":\"https:\/\/www.tuco.net\/blog\/#organization\",\"name\":\"BLOG\",\"url\":\"https:\/\/www.tuco.net\/blog\/\",\"logo\":{\"@type\":\"ImageObject\",\"inLanguage\":\"es\",\"@id\":\"https:\/\/www.tuco.net\/blog\/#\/schema\/logo\/image\/\",\"url\":\"https:\/\/www.tuco.net\/blog\/wp-content\/uploads\/2022\/02\/cropped-logo-tuco-circular-1.png\",\"contentUrl\":\"https:\/\/www.tuco.net\/blog\/wp-content\/uploads\/2022\/02\/cropped-logo-tuco-circular-1.png\",\"width\":512,\"height\":512,\"caption\":\"BLOG\"},\"image\":{\"@id\":\"https:\/\/www.tuco.net\/blog\/#\/schema\/logo\/image\/\"},\"sameAs\":[\"https:\/\/www.facebook.com\/MueblesTuco\/\",\"https:\/\/www.instagram.com\/mueblestuco\/?hl=es\"]}]}<\/script>\n<!-- \/ Yoast SEO plugin. -->","yoast_head_json":{"title":"Blog de Tuco | Tendencias y Consejos de Muebles","description":"Explora tendencias y consejos en nuestro blog de muebles. Inspiraci\u00f3n y conocimientos para crear el hogar perfecto. \u00a1Sum\u00e9rgete en el Blog de Tuco!","robots":{"index":"index","follow":"follow","max-snippet":"max-snippet:-1","max-image-preview":"max-image-preview:large","max-video-preview":"max-video-preview:-1"},"canonical":"https:\/\/www.tuco.net\/blog\/home\/","og_locale":"es_ES","og_type":"article","og_title":"El Blog de Tuco","og_description":"Explora tendencias y consejos en nuestro blog de muebles. Inspiraci\u00f3n y conocimientos para crear el hogar perfecto. \u00a1Sum\u00e9rgete en el Blog de Tuco!\"","og_url":"https:\/\/www.tuco.net\/blog\/home\/","og_site_name":"BLOG","article_publisher":"https:\/\/www.facebook.com\/MueblesTuco\/","article_modified_time":"2025-03-19T16:22:39+00:00","og_image":[{"width":512,"height":512,"url":"https:\/\/www.tuco.net\/blog\/wp-content\/uploads\/2022\/02\/cropped-logo-tuco-circular-1.png","type":"image\/png"}],"twitter_card":"summary_large_image","twitter_misc":{"Tiempo de lectura":"5 minutos"},"schema":{"@context":"https:\/\/schema.org","@graph":[{"@type":"WebPage","@id":"https:\/\/www.tuco.net\/blog\/home\/","url":"https:\/\/www.tuco.net\/blog\/home\/","name":"Blog de Tuco | Tendencias y Consejos de Muebles","isPartOf":{"@id":"https:\/\/www.tuco.net\/blog\/#website"},"primaryImageOfPage":{"@id":"https:\/\/www.tuco.net\/blog\/home\/#primaryimage"},"image":{"@id":"https:\/\/www.tuco.net\/blog\/home\/#primaryimage"},"thumbnailUrl":"https:\/\/www.tuco.net\/blog\/wp-content\/uploads\/2025\/01\/Mesa-de-trabajo-1.png","datePublished":"2024-10-29T11:24:17+00:00","dateModified":"2025-03-19T16:22:39+00:00","description":"Explora tendencias y consejos en nuestro blog de muebles. Inspiraci\u00f3n y conocimientos para crear el hogar perfecto. \u00a1Sum\u00e9rgete en el Blog de Tuco!","breadcrumb":{"@id":"https:\/\/www.tuco.net\/blog\/home\/#breadcrumb"},"inLanguage":"es","potentialAction":[{"@type":"ReadAction","target":["https:\/\/www.tuco.net\/blog\/home\/"]}]},{"@type":"ImageObject","inLanguage":"es","@id":"https:\/\/www.tuco.net\/blog\/home\/#primaryimage","url":"https:\/\/www.tuco.net\/blog\/wp-content\/uploads\/2025\/01\/Mesa-de-trabajo-1.png","contentUrl":"https:\/\/www.tuco.net\/blog\/wp-content\/uploads\/2025\/01\/Mesa-de-trabajo-1.png","width":567,"height":567},{"@type":"BreadcrumbList","@id":"https:\/\/www.tuco.net\/blog\/home\/#breadcrumb","itemListElement":[{"@type":"ListItem","position":1,"name":"Portada","item":"https:\/\/www.tuco.net\/blog\/"},{"@type":"ListItem","position":2,"name":"HOME"}]},{"@type":"WebSite","@id":"https:\/\/www.tuco.net\/blog\/#website","url":"https:\/\/www.tuco.net\/blog\/","name":"BLOG","description":"Blog de tuco.net","publisher":{"@id":"https:\/\/www.tuco.net\/blog\/#organization"},"potentialAction":[{"@type":"SearchAction","target":{"@type":"EntryPoint","urlTemplate":"https:\/\/www.tuco.net\/blog\/?s={search_term_string}"},"query-input":"required name=search_term_string"}],"inLanguage":"es"},{"@type":"Organization","@id":"https:\/\/www.tuco.net\/blog\/#organization","name":"BLOG","url":"https:\/\/www.tuco.net\/blog\/","logo":{"@type":"ImageObject","inLanguage":"es","@id":"https:\/\/www.tuco.net\/blog\/#\/schema\/logo\/image\/","url":"https:\/\/www.tuco.net\/blog\/wp-content\/uploads\/2022\/02\/cropped-logo-tuco-circular-1.png","contentUrl":"https:\/\/www.tuco.net\/blog\/wp-content\/uploads\/2022\/02\/cropped-logo-tuco-circular-1.png","width":512,"height":512,"caption":"BLOG"},"image":{"@id":"https:\/\/www.tuco.net\/blog\/#\/schema\/logo\/image\/"},"sameAs":["https:\/\/www.facebook.com\/MueblesTuco\/","https:\/\/www.instagram.com\/mueblestuco\/?hl=es"]}]}},"_links":{"self":[{"href":"https:\/\/www.tuco.net\/blog\/wp-json\/wp\/v2\/pages\/1486","targetHints":{"allow":["GET"]}}],"collection":[{"href":"https:\/\/www.tuco.net\/blog\/wp-json\/wp\/v2\/pages"}],"about":[{"href":"https:\/\/www.tuco.net\/blog\/wp-json\/wp\/v2\/types\/page"}],"author":[{"embeddable":true,"href":"https:\/\/www.tuco.net\/blog\/wp-json\/wp\/v2\/users\/6"}],"replies":[{"embeddable":true,"href":"https:\/\/www.tuco.net\/blog\/wp-json\/wp\/v2\/comments?post=1486"}],"version-history":[{"count":60,"href":"https:\/\/www.tuco.net\/blog\/wp-json\/wp\/v2\/pages\/1486\/revisions"}],"predecessor-version":[{"id":2161,"href":"https:\/\/www.tuco.net\/blog\/wp-json\/wp\/v2\/pages\/1486\/revisions\/2161"}],"wp:attachment":[{"href":"https:\/\/www.tuco.net\/blog\/wp-json\/wp\/v2\/media?parent=1486"}],"curies":[{"name":"wp","href":"https:\/\/api.w.org\/{rel}","templated":true}]}}